{"id":9424,"date":"2025-08-16T18:33:47","date_gmt":"2025-08-16T21:33:47","guid":{"rendered":"https:\/\/www.vbdivulg.com\/?post_type=product&#038;p=9424"},"modified":"2025-08-16T18:33:47","modified_gmt":"2025-08-16T21:33:47","slug":"serum-anti-idade-theraskin-eurya","status":"publish","type":"product","link":"https:\/\/www.vbdivulg.com\/index.php\/produto\/serum-anti-idade-theraskin-eurya\/","title":{"rendered":"S\u00e9rum Anti-idade Theraskin \u2013 Eurya"},"content":{"rendered":"","protected":false},"excerpt":{"rendered":"<p><strong>S\u00e9rum Anti-idade Theraskin \u2013 Euryale QR 50g<\/strong><\/p>\n<p><strong>\u00a0<\/strong><\/p>\n<p><strong>\ud83d\udd25 Por: R$ 184,98 em 6x<\/strong><\/p>\n<p><strong>\u00a0<\/strong><\/p>\n<p><strong>\ud83d\uded2 Compre aqui: <a href=\"https:\/\/amzn.to\/4lzuHbX\">https:\/\/amzn.to\/4lzuHbX<\/a> <\/strong><\/p>\n<p>&nbsp;<\/p>\n<p><strong>\u26a0\ufe0f Oferta v\u00e1lida para hoje, 16\/08\/2025, podendo encerrar a qualquer momento!!!<\/strong><\/p>\n<p>&nbsp;<\/p>\n<p><strong>\u2712\ufe0f Seja prime, primeiro m\u00eas \u00e9 gr\u00e1tis e pode cancelar quando quiser (inclusive no primeiro m\u00eas): <a href=\"https:\/\/amzn.to\/3xyV8G9\">https:\/\/amzn.to\/3xyV8G9<\/a><\/strong><\/p>\n","protected":false},"featured_media":9425,"comment_status":"open","ping_status":"closed","template":"","meta":[],"class_list":{"0":"post-9424","1":"product","2":"type-product","3":"status-publish","4":"has-post-thumbnail","6":"product_cat-beleza","8":"first","9":"instock","10":"sale","11":"shipping-taxable","12":"purchasable","13":"product-type-simple"},"_links":{"self":[{"href":"https:\/\/www.vbdivulg.com\/index.php\/wp-json\/wp\/v2\/product\/9424","targetHints":{"allow":["GET"]}}],"collection":[{"href":"https:\/\/www.vbdivulg.com\/index.php\/wp-json\/wp\/v2\/product"}],"about":[{"href":"https:\/\/www.vbdivulg.com\/index.php\/wp-json\/wp\/v2\/types\/product"}],"replies":[{"embeddable":true,"href":"https:\/\/www.vbdivulg.com\/index.php\/wp-json\/wp\/v2\/comments?post=9424"}],"wp:featuredmedia":[{"embeddable":true,"href":"https:\/\/www.vbdivulg.com\/index.php\/wp-json\/wp\/v2\/media\/9425"}],"wp:attachment":[{"href":"https:\/\/www.vbdivulg.com\/index.php\/wp-json\/wp\/v2\/media?parent=9424"}],"curies":[{"name":"wp","href":"https:\/\/api.w.org\/{rel}","templated":true}]}}