{"id":9426,"date":"2025-08-16T18:49:13","date_gmt":"2025-08-16T21:49:13","guid":{"rendered":"https:\/\/www.vbdivulg.com\/?post_type=product&#038;p=9426"},"modified":"2025-08-16T18:49:54","modified_gmt":"2025-08-16T21:49:54","slug":"tenis-de-corrida-feminino-galaxy-7-com-forro-textil-adidas","status":"publish","type":"product","link":"https:\/\/www.vbdivulg.com\/index.php\/produto\/tenis-de-corrida-feminino-galaxy-7-com-forro-textil-adidas\/","title":{"rendered":"T\u00eanis De Corrida Feminino Galaxy 7 Com Forro T\u00eaxtil adidas"},"content":{"rendered":"","protected":false},"excerpt":{"rendered":"<p><strong>T\u00eanis De Corrida Feminino Galaxy 7 Com Forro T\u00eaxtil adidas<\/strong><\/p>\n<p><strong>\u00a0<\/strong><\/p>\n<p><strong>\ud83d\udd25 R$ 265,99 parcelado<\/strong><\/p>\n<p><strong>\u00a0<\/strong><\/p>\n<p><strong>\ud83d\uded2 Compre aqui: <a href=\"https:\/\/mercadolivre.com\/sec\/1YkBCV7\">https:\/\/mercadolivre.com\/sec\/1YkBCV7<\/a> <\/strong><\/p>\n<p>&nbsp;<\/p>\n<p><strong>\u26a0\ufe0f Oferta v\u00e1lida para hoje, 16\/08\/2025, podendo encerrar a qualquer momento!!!<\/strong><\/p>\n","protected":false},"featured_media":9428,"comment_status":"open","ping_status":"closed","template":"","meta":[],"class_list":{"0":"post-9426","1":"product","2":"type-product","3":"status-publish","4":"has-post-thumbnail","6":"product_cat-calcados-feminino","8":"first","9":"instock","10":"sale","11":"shipping-taxable","12":"purchasable","13":"product-type-simple"},"_links":{"self":[{"href":"https:\/\/www.vbdivulg.com\/index.php\/wp-json\/wp\/v2\/product\/9426","targetHints":{"allow":["GET"]}}],"collection":[{"href":"https:\/\/www.vbdivulg.com\/index.php\/wp-json\/wp\/v2\/product"}],"about":[{"href":"https:\/\/www.vbdivulg.com\/index.php\/wp-json\/wp\/v2\/types\/product"}],"replies":[{"embeddable":true,"href":"https:\/\/www.vbdivulg.com\/index.php\/wp-json\/wp\/v2\/comments?post=9426"}],"wp:featuredmedia":[{"embeddable":true,"href":"https:\/\/www.vbdivulg.com\/index.php\/wp-json\/wp\/v2\/media\/9428"}],"wp:attachment":[{"href":"https:\/\/www.vbdivulg.com\/index.php\/wp-json\/wp\/v2\/media?parent=9426"}],"curies":[{"name":"wp","href":"https:\/\/api.w.org\/{rel}","templated":true}]}}