{"id":9429,"date":"2025-08-16T18:54:18","date_gmt":"2025-08-16T21:54:18","guid":{"rendered":"https:\/\/www.vbdivulg.com\/?post_type=product&#038;p=9429"},"modified":"2025-08-16T18:54:18","modified_gmt":"2025-08-16T21:54:18","slug":"truss-oleo-reconstrutor-uso-obrigatorio-tratamento-capilar-para-brilho-reconstrucao-e-protecao-60ml","status":"publish","type":"product","link":"https:\/\/www.vbdivulg.com\/index.php\/produto\/truss-oleo-reconstrutor-uso-obrigatorio-tratamento-capilar-para-brilho-reconstrucao-e-protecao-60ml\/","title":{"rendered":"Truss \u00d3leo Reconstrutor Uso Obrigat\u00f3rio | Tratamento Capilar para Brilho, Reconstru\u00e7\u00e3o e Prote\u00e7\u00e3o | 60ml"},"content":{"rendered":"","protected":false},"excerpt":{"rendered":"<p><strong>Truss \u00d3leo Reconstrutor Uso Obrigat\u00f3rio | Tratamento Capilar para Brilho, Reconstru\u00e7\u00e3o e Prote\u00e7\u00e3o | 60ml<\/strong><\/p>\n<p><strong>\ud83d\udd25 R$ 79,90 parcelado<\/strong><\/p>\n<p><strong>\ud83d\uded2 Compre aqui: <a href=\"https:\/\/amzn.to\/4mLgOsb\">https:\/\/amzn.to\/4mLgOsb<\/a><\/strong><\/p>\n<p><strong>\u26a0\ufe0f Oferta v\u00e1lida para hoje, 16\/08\/2025, podendo encerrar a qualquer momento!!!<\/strong><\/p>\n<p><strong>\u2712\ufe0f Seja prime, primeiro m\u00eas \u00e9 gr\u00e1tis e pode cancelar quando quiser (inclusive no primeiro m\u00eas):<a href=\"https:\/\/amzn.to\/3xyV8G9\"> https:\/\/amzn.to\/3xyV8G9<\/a><\/strong><\/p>\n","protected":false},"featured_media":9430,"comment_status":"open","ping_status":"closed","template":"","meta":[],"class_list":{"0":"post-9429","1":"product","2":"type-product","3":"status-publish","4":"has-post-thumbnail","6":"product_cat-beleza","8":"first","9":"instock","10":"sale","11":"shipping-taxable","12":"purchasable","13":"product-type-simple"},"_links":{"self":[{"href":"https:\/\/www.vbdivulg.com\/index.php\/wp-json\/wp\/v2\/product\/9429","targetHints":{"allow":["GET"]}}],"collection":[{"href":"https:\/\/www.vbdivulg.com\/index.php\/wp-json\/wp\/v2\/product"}],"about":[{"href":"https:\/\/www.vbdivulg.com\/index.php\/wp-json\/wp\/v2\/types\/product"}],"replies":[{"embeddable":true,"href":"https:\/\/www.vbdivulg.com\/index.php\/wp-json\/wp\/v2\/comments?post=9429"}],"wp:featuredmedia":[{"embeddable":true,"href":"https:\/\/www.vbdivulg.com\/index.php\/wp-json\/wp\/v2\/media\/9430"}],"wp:attachment":[{"href":"https:\/\/www.vbdivulg.com\/index.php\/wp-json\/wp\/v2\/media?parent=9429"}],"curies":[{"name":"wp","href":"https:\/\/api.w.org\/{rel}","templated":true}]}}