{"id":9431,"date":"2025-08-18T10:36:48","date_gmt":"2025-08-18T13:36:48","guid":{"rendered":"https:\/\/www.vbdivulg.com\/?post_type=product&#038;p=9431"},"modified":"2025-08-18T10:36:48","modified_gmt":"2025-08-18T13:36:48","slug":"smartwatch-huawei-watch-fit-3-tela-amoled-de-182-design-ultra-fino-monitoramento","status":"publish","type":"product","link":"https:\/\/www.vbdivulg.com\/index.php\/produto\/smartwatch-huawei-watch-fit-3-tela-amoled-de-182-design-ultra-fino-monitoramento\/","title":{"rendered":"Smartwatch, HUAWEI WATCH FIT 3, Tela AMOLED de 1,82&#8243;, Design Ultra-fino, Monitoramento"},"content":{"rendered":"","protected":false},"excerpt":{"rendered":"<p><strong>\u231a\ufe0f HUAWEI WATCH FIT 3<\/strong><\/p>\n<p><strong>Smartwatch, HUAWEI WATCH FIT 3, Tela AMOLED de 1,82&#8243;, Design Ultra-fino, Monitoramento<\/strong><\/p>\n<p><strong>\ud83d\udd25 Por: R$ 556,70 via Pix<\/strong><\/p>\n<p><strong>\ud83d\uded2 Compre aqui: <a href=\"https:\/\/amzn.to\/4lIbbug\">https:\/\/amzn.to\/4lIbbug<\/a><\/strong><\/p>\n<p><strong>\u26a0\ufe0f Oferta v\u00e1lida para hoje, 18\/08\/2025, podendo encerrar a qualquer momento!!!<\/strong><\/p>\n<p><strong>\u2712\ufe0f Seja prime, primeiro m\u00eas \u00e9 gr\u00e1tis e pode cancelar quando quiser (inclusive no primeiro m\u00eas): <a href=\"https:\/\/amzn.to\/3xyV8G9\">https:\/\/amzn.to\/3xyV8G9<\/a><\/strong><\/p>\n","protected":false},"featured_media":9433,"comment_status":"open","ping_status":"closed","template":"","meta":[],"class_list":{"0":"post-9431","1":"product","2":"type-product","3":"status-publish","4":"has-post-thumbnail","6":"product_cat-smartwatches","8":"first","9":"instock","10":"sale","11":"shipping-taxable","12":"purchasable","13":"product-type-simple"},"_links":{"self":[{"href":"https:\/\/www.vbdivulg.com\/index.php\/wp-json\/wp\/v2\/product\/9431","targetHints":{"allow":["GET"]}}],"collection":[{"href":"https:\/\/www.vbdivulg.com\/index.php\/wp-json\/wp\/v2\/product"}],"about":[{"href":"https:\/\/www.vbdivulg.com\/index.php\/wp-json\/wp\/v2\/types\/product"}],"replies":[{"embeddable":true,"href":"https:\/\/www.vbdivulg.com\/index.php\/wp-json\/wp\/v2\/comments?post=9431"}],"wp:featuredmedia":[{"embeddable":true,"href":"https:\/\/www.vbdivulg.com\/index.php\/wp-json\/wp\/v2\/media\/9433"}],"wp:attachment":[{"href":"https:\/\/www.vbdivulg.com\/index.php\/wp-json\/wp\/v2\/media?parent=9431"}],"curies":[{"name":"wp","href":"https:\/\/api.w.org\/{rel}","templated":true}]}}