{"id":9440,"date":"2025-08-19T11:52:19","date_gmt":"2025-08-19T14:52:19","guid":{"rendered":"https:\/\/www.vbdivulg.com\/?post_type=product&#038;p=9440"},"modified":"2025-08-19T11:52:35","modified_gmt":"2025-08-19T14:52:35","slug":"whisky-johnnie-walker-gold-label-750ml","status":"publish","type":"product","link":"https:\/\/www.vbdivulg.com\/index.php\/produto\/whisky-johnnie-walker-gold-label-750ml\/","title":{"rendered":"Whisky Johnnie Walker Gold Label 750ml"},"content":{"rendered":"","protected":false},"excerpt":{"rendered":"<p><strong>\ud83e\udd43 Gold Label 750ml<\/strong><\/p>\n<p><strong>Whisky Johnnie Walker Gold Label 750ml<\/strong><\/p>\n<p><strong>\ud83d\udd25 Por: R$ 229,99 parcelado<\/strong><\/p>\n<p><strong>\ud83d\uded2 Compre aqui: <a href=\"https:\/\/amzn.to\/41ILyC8\">https:\/\/amzn.to\/41ILyC8<\/a><\/strong><\/p>\n<p><strong>\u26a0\ufe0f Oferta v\u00e1lida para hoje, 19\/08\/2025, podendo encerrar a qualquer momento!!!<\/strong><\/p>\n<p><strong>\u2712\ufe0f Seja prime, primeiro m\u00eas \u00e9 gr\u00e1tis e pode cancelar quando quiser (inclusive no primeiro m\u00eas): <a href=\"https:\/\/amzn.to\/3xyV8G9\">https:\/\/amzn.to\/3xyV8G9<\/a><\/strong><\/p>\n","protected":false},"featured_media":9441,"comment_status":"open","ping_status":"closed","template":"","meta":[],"class_list":{"0":"post-9440","1":"product","2":"type-product","3":"status-publish","4":"has-post-thumbnail","6":"product_cat-bebidas-alcoolicas","8":"first","9":"instock","10":"sale","11":"shipping-taxable","12":"purchasable","13":"product-type-simple"},"_links":{"self":[{"href":"https:\/\/www.vbdivulg.com\/index.php\/wp-json\/wp\/v2\/product\/9440","targetHints":{"allow":["GET"]}}],"collection":[{"href":"https:\/\/www.vbdivulg.com\/index.php\/wp-json\/wp\/v2\/product"}],"about":[{"href":"https:\/\/www.vbdivulg.com\/index.php\/wp-json\/wp\/v2\/types\/product"}],"replies":[{"embeddable":true,"href":"https:\/\/www.vbdivulg.com\/index.php\/wp-json\/wp\/v2\/comments?post=9440"}],"wp:featuredmedia":[{"embeddable":true,"href":"https:\/\/www.vbdivulg.com\/index.php\/wp-json\/wp\/v2\/media\/9441"}],"wp:attachment":[{"href":"https:\/\/www.vbdivulg.com\/index.php\/wp-json\/wp\/v2\/media?parent=9440"}],"curies":[{"name":"wp","href":"https:\/\/api.w.org\/{rel}","templated":true}]}}