{"id":9454,"date":"2025-08-26T12:18:52","date_gmt":"2025-08-26T15:18:52","guid":{"rendered":"https:\/\/www.vbdivulg.com\/?post_type=product&#038;p=9454"},"modified":"2025-08-26T12:19:31","modified_gmt":"2025-08-26T15:19:31","slug":"kiko-milano-coloured-balm-hidratante-labial-colorido-cor","status":"publish","type":"product","link":"https:\/\/www.vbdivulg.com\/index.php\/produto\/kiko-milano-coloured-balm-hidratante-labial-colorido-cor\/","title":{"rendered":"KIKO MILANO, Coloured Balm, Hidratante Labial Colorido, Cor"},"content":{"rendered":"","protected":false},"excerpt":{"rendered":"<p><strong>\u00a0<\/strong><\/p>\n<p><strong>KIKO MILANO, Coloured Balm, Hidratante Labial Colorido, Cor<\/strong><\/p>\n<p><strong>\u00a0<\/strong><\/p>\n<p><strong>\ud83d\udd25 R$\u00a059,90 \u00e0 vista<\/strong><\/p>\n<p><strong>\u00a0<\/strong><\/p>\n<p><strong>\ud83d\uded2 Compre aqui: <a href=\"https:\/\/amzn.to\/4fR1nN0\">https:\/\/amzn.to\/4fR1nN0<\/a><\/strong><\/p>\n<p>&nbsp;<\/p>\n<p><strong>\u26a0\ufe0f Oferta v\u00e1lida para hoje, 26\/08\/2025, podendo encerrar a qualquer momento!!!<\/strong><\/p>\n<p>&nbsp;<\/p>\n<p>&nbsp;<\/p>\n<p><strong>\u2712\ufe0f Seja prime, primeiro m\u00eas \u00e9 gr\u00e1tis e pode cancelar quando quiser (inclusive no primeiro m\u00eas): <a href=\"https:\/\/amzn.to\/3xyV8G9\">https:\/\/amzn.to\/3xyV8G9<\/a><\/strong><\/p>\n","protected":false},"featured_media":9457,"comment_status":"open","ping_status":"closed","template":"","meta":[],"class_list":{"0":"post-9454","1":"product","2":"type-product","3":"status-publish","4":"has-post-thumbnail","6":"product_cat-beleza","8":"first","9":"instock","10":"sale","11":"shipping-taxable","12":"purchasable","13":"product-type-simple"},"_links":{"self":[{"href":"https:\/\/www.vbdivulg.com\/index.php\/wp-json\/wp\/v2\/product\/9454","targetHints":{"allow":["GET"]}}],"collection":[{"href":"https:\/\/www.vbdivulg.com\/index.php\/wp-json\/wp\/v2\/product"}],"about":[{"href":"https:\/\/www.vbdivulg.com\/index.php\/wp-json\/wp\/v2\/types\/product"}],"replies":[{"embeddable":true,"href":"https:\/\/www.vbdivulg.com\/index.php\/wp-json\/wp\/v2\/comments?post=9454"}],"wp:featuredmedia":[{"embeddable":true,"href":"https:\/\/www.vbdivulg.com\/index.php\/wp-json\/wp\/v2\/media\/9457"}],"wp:attachment":[{"href":"https:\/\/www.vbdivulg.com\/index.php\/wp-json\/wp\/v2\/media?parent=9454"}],"curies":[{"name":"wp","href":"https:\/\/api.w.org\/{rel}","templated":true}]}}