{"id":9467,"date":"2025-09-11T18:29:32","date_gmt":"2025-09-11T21:29:32","guid":{"rendered":"https:\/\/www.vbdivulg.com\/?post_type=product&#038;p=9467"},"modified":"2026-02-22T06:54:47","modified_gmt":"2026-02-22T09:54:47","slug":"1-ap-de-jantar-cha-30pcs-m-order-brisa-aw30-5903","status":"publish","type":"product","link":"https:\/\/www.vbdivulg.com\/index.php\/produto\/1-ap-de-jantar-cha-30pcs-m-order-brisa-aw30-5903\/","title":{"rendered":"1 AP. DE JANTAR\/CHA 30PCS &#8211; M. ORDER &#8211; BRISA &#8211; AW30-5903"},"content":{"rendered":"","protected":false},"excerpt":{"rendered":"<p>1 AP. DE JANTAR\/CHA 30PCS &#8211; M. ORDER &#8211; BRISA &#8211; AW30-5903<\/p>\n<p>&nbsp;<\/p>\n<p>\ud83d\udd25 R$ 397,70 em 3x<\/p>\n<p>&nbsp;<\/p>\n<p>\ud83d\uded2 Compre aqui: <a href=\"https:\/\/amzn.to\/3V9Jbor\">https:\/\/amzn.to\/3V9Jbor<\/a><\/p>\n<p>&nbsp;<\/p>\n<p>\u26a0\ufe0f Oferta v\u00e1lida para hoje, 11\/09\/2025, podendo encerrar a qualquer momento!!!<\/p>\n<p>&nbsp;<\/p>\n<p>\u2712\ufe0f Seja prime, primeiro m\u00eas \u00e9 gr\u00e1tis e pode cancelar quando quiser (inclusive no primeiro m\u00eas): <a href=\"https:\/\/amzn.to\/3xyV8G9\">https:\/\/amzn.to\/3xyV8G9<\/a><\/p>\n","protected":false},"featured_media":9468,"comment_status":"open","ping_status":"closed","template":"","meta":[],"class_list":{"0":"post-9467","1":"product","2":"type-product","3":"status-publish","4":"has-post-thumbnail","6":"product_cat-utilidades-domesticas","8":"first","9":"instock","10":"sale","11":"shipping-taxable","12":"purchasable","13":"product-type-simple"},"_links":{"self":[{"href":"https:\/\/www.vbdivulg.com\/index.php\/wp-json\/wp\/v2\/product\/9467","targetHints":{"allow":["GET"]}}],"collection":[{"href":"https:\/\/www.vbdivulg.com\/index.php\/wp-json\/wp\/v2\/product"}],"about":[{"href":"https:\/\/www.vbdivulg.com\/index.php\/wp-json\/wp\/v2\/types\/product"}],"replies":[{"embeddable":true,"href":"https:\/\/www.vbdivulg.com\/index.php\/wp-json\/wp\/v2\/comments?post=9467"}],"wp:featuredmedia":[{"embeddable":true,"href":"https:\/\/www.vbdivulg.com\/index.php\/wp-json\/wp\/v2\/media\/9468"}],"wp:attachment":[{"href":"https:\/\/www.vbdivulg.com\/index.php\/wp-json\/wp\/v2\/media?parent=9467"}],"curies":[{"name":"wp","href":"https:\/\/api.w.org\/{rel}","templated":true}]}}