{"id":9470,"date":"2025-10-22T15:18:31","date_gmt":"2025-10-22T18:18:31","guid":{"rendered":"https:\/\/www.vbdivulg.com\/?post_type=product&#038;p=9470"},"modified":"2025-10-22T15:18:58","modified_gmt":"2025-10-22T18:18:58","slug":"monitor-gamer-lg-ultragear-24-24gs60f-b-ips-full-hd-180hz-1ms-gtg-nvidia-g-sync-amd-freesync-hdr10-srgb-99-hdmi-displayport","status":"publish","type":"product","link":"https:\/\/www.vbdivulg.com\/index.php\/produto\/monitor-gamer-lg-ultragear-24-24gs60f-b-ips-full-hd-180hz-1ms-gtg-nvidia-g-sync-amd-freesync-hdr10-srgb-99-hdmi-displayport\/","title":{"rendered":"Monitor Gamer LG UltraGear 24\u201d 24GS60F-B IPS Full HD 180Hz 1ms (GtG) NVIDIA\u00ae G-SYNC\u00ae AMD FreeSync\u2122 HDR10 sRGB 99% HDMI DisplayPort"},"content":{"rendered":"","protected":false},"excerpt":{"rendered":"<p>Monitor Gamer LG UltraGear 24\u201d 24GS60F-B IPS Full HD 180Hz 1ms (GtG) NVIDIA\u00ae G-SYNC\u00ae AMD FreeSync\u2122 HDR10 sRGB 99% HDMI DisplayPort<\/p>\n<p>&nbsp;<\/p>\n<p>\ud83d\udd25 R$ 825,00 PARCELADO<\/p>\n<p>&nbsp;<\/p>\n<p>\ud83d\uded2 Compre aqui: <a href=\"https:\/\/amzn.to\/47Besr8\">https:\/\/amzn.to\/47Besr8<\/a><\/p>\n<p>&nbsp;<\/p>\n<p>\u26a0\ufe0f Oferta v\u00e1lida para hoje, 22\/10\/2025, podendo encerrar a qualquer momento!!!<\/p>\n<p>&nbsp;<\/p>\n<p>\u2712\ufe0f Seja prime, primeiro m\u00eas \u00e9 gr\u00e1tis e pode cancelar quando quiser (inclusive no primeiro m\u00eas): <a href=\"https:\/\/amzn.to\/3xyV8G9\">https:\/\/amzn.to\/3xyV8G9<\/a><\/p>\n","protected":false},"featured_media":9471,"comment_status":"open","ping_status":"closed","template":"","meta":[],"class_list":{"0":"post-9470","1":"product","2":"type-product","3":"status-publish","4":"has-post-thumbnail","6":"product_cat-informatica","8":"first","9":"instock","10":"sale","11":"shipping-taxable","12":"purchasable","13":"product-type-simple"},"_links":{"self":[{"href":"https:\/\/www.vbdivulg.com\/index.php\/wp-json\/wp\/v2\/product\/9470","targetHints":{"allow":["GET"]}}],"collection":[{"href":"https:\/\/www.vbdivulg.com\/index.php\/wp-json\/wp\/v2\/product"}],"about":[{"href":"https:\/\/www.vbdivulg.com\/index.php\/wp-json\/wp\/v2\/types\/product"}],"replies":[{"embeddable":true,"href":"https:\/\/www.vbdivulg.com\/index.php\/wp-json\/wp\/v2\/comments?post=9470"}],"wp:featuredmedia":[{"embeddable":true,"href":"https:\/\/www.vbdivulg.com\/index.php\/wp-json\/wp\/v2\/media\/9471"}],"wp:attachment":[{"href":"https:\/\/www.vbdivulg.com\/index.php\/wp-json\/wp\/v2\/media?parent=9470"}],"curies":[{"name":"wp","href":"https:\/\/api.w.org\/{rel}","templated":true}]}}