{"id":9472,"date":"2025-10-22T15:26:30","date_gmt":"2025-10-22T18:26:30","guid":{"rendered":"https:\/\/www.vbdivulg.com\/?post_type=product&#038;p=9472"},"modified":"2026-03-14T09:12:11","modified_gmt":"2026-03-14T12:12:11","slug":"amazon-echo-show-8-geracao-mais-recente-com-novo-design-tela-vibrante-hd-de-87-audio-espacial-e-alexa-cor-grafite","status":"publish","type":"product","link":"https:\/\/www.vbdivulg.com\/index.php\/produto\/amazon-echo-show-8-geracao-mais-recente-com-novo-design-tela-vibrante-hd-de-87-audio-espacial-e-alexa-cor-grafite\/","title":{"rendered":"Amazon Echo Show 8 (Gera\u00e7\u00e3o mais recente) &#8211; Com novo design, tela vibrante HD de 8,7&#8243;, \u00e1udio espacial e Alexa, Cor Grafite"},"content":{"rendered":"","protected":false},"excerpt":{"rendered":"<p>Amazon Echo Show 8 (Gera\u00e7\u00e3o mais recente) &#8211; Com novo design, tela vibrante HD de 8,7&#8243;, \u00e1udio espacial e Alexa, Cor Grafite<\/p>\n<p>&nbsp;<\/p>\n<p>\ud83d\udd25 R$ 1799,00 em 12x<\/p>\n<p>&nbsp;<\/p>\n<p>\ud83d\uded2 Compre aqui: <a href=\"https:\/\/amzn.to\/3JpeAkj\">https:\/\/amzn.to\/3JpeAkj<\/a><\/p>\n<p>&nbsp;<\/p>\n<p>\u26a0\ufe0f Oferta v\u00e1lida para hoje, 22\/10\/2025, podendo encerrar a qualquer momento!!!<\/p>\n<p>&nbsp;<\/p>\n<p>\u2712\ufe0f Seja prime, primeiro m\u00eas \u00e9 gr\u00e1tis e pode cancelar quando quiser (inclusive no primeiro m\u00eas): <a href=\"https:\/\/amzn.to\/3xyV8G9\">https:\/\/amzn.to\/3xyV8G9<\/a><\/p>\n","protected":false},"featured_media":9473,"comment_status":"open","ping_status":"closed","template":"","meta":[],"class_list":{"0":"post-9472","1":"product","2":"type-product","3":"status-publish","4":"has-post-thumbnail","6":"product_cat-eletronicas-e-tecnologia","8":"first","9":"instock","10":"sale","11":"shipping-taxable","12":"purchasable","13":"product-type-simple"},"_links":{"self":[{"href":"https:\/\/www.vbdivulg.com\/index.php\/wp-json\/wp\/v2\/product\/9472","targetHints":{"allow":["GET"]}}],"collection":[{"href":"https:\/\/www.vbdivulg.com\/index.php\/wp-json\/wp\/v2\/product"}],"about":[{"href":"https:\/\/www.vbdivulg.com\/index.php\/wp-json\/wp\/v2\/types\/product"}],"replies":[{"embeddable":true,"href":"https:\/\/www.vbdivulg.com\/index.php\/wp-json\/wp\/v2\/comments?post=9472"}],"wp:featuredmedia":[{"embeddable":true,"href":"https:\/\/www.vbdivulg.com\/index.php\/wp-json\/wp\/v2\/media\/9473"}],"wp:attachment":[{"href":"https:\/\/www.vbdivulg.com\/index.php\/wp-json\/wp\/v2\/media?parent=9472"}],"curies":[{"name":"wp","href":"https:\/\/api.w.org\/{rel}","templated":true}]}}