{"id":9477,"date":"2025-10-23T10:31:52","date_gmt":"2025-10-23T13:31:52","guid":{"rendered":"https:\/\/www.vbdivulg.com\/?post_type=product&#038;p=9477"},"modified":"2025-10-23T10:31:53","modified_gmt":"2025-10-23T13:31:53","slug":"desodorante-puro-frescor-spray-physalis-140ml","status":"publish","type":"product","link":"https:\/\/www.vbdivulg.com\/index.php\/produto\/desodorante-puro-frescor-spray-physalis-140ml\/","title":{"rendered":"Desodorante Puro Frescor Spray Physalis 140ml"},"content":{"rendered":"","protected":false},"excerpt":{"rendered":"<p>&nbsp;<\/p>\n<p>Desodorante Puro Frescor Spray Physalis 140ml<\/p>\n<p>&nbsp;<\/p>\n<p>\ud83d\udd25 Por: R$ 32,90<\/p>\n<p>&nbsp;<\/p>\n<p>\ud83d\uded2 Compre aqui: <a href=\"https:\/\/amzn.to\/3L1Lh7X\">https:\/\/amzn.to\/3L1Lh7X<\/a><\/p>\n<p>&nbsp;<\/p>\n<p>\u26a0\ufe0f Oferta v\u00e1lida para hoje, 23\/10\/2025, podendo encerrar a qualquer momento!!!<\/p>\n<p>&nbsp;<\/p>\n<p>\u2712\ufe0f Seja prime, primeiro m\u00eas \u00e9 gr\u00e1tis e pode cancelar quando quiser (inclusive no primeiro m\u00eas): <a href=\"https:\/\/amzn.to\/3xyV8G9\">https:\/\/amzn.to\/3xyV8G9<\/a><\/p>\n","protected":false},"featured_media":9478,"comment_status":"open","ping_status":"closed","template":"","meta":[],"class_list":{"0":"post-9477","1":"product","2":"type-product","3":"status-publish","4":"has-post-thumbnail","6":"product_cat-cosmeticos","8":"first","9":"instock","10":"sale","11":"shipping-taxable","12":"purchasable","13":"product-type-simple"},"_links":{"self":[{"href":"https:\/\/www.vbdivulg.com\/index.php\/wp-json\/wp\/v2\/product\/9477","targetHints":{"allow":["GET"]}}],"collection":[{"href":"https:\/\/www.vbdivulg.com\/index.php\/wp-json\/wp\/v2\/product"}],"about":[{"href":"https:\/\/www.vbdivulg.com\/index.php\/wp-json\/wp\/v2\/types\/product"}],"replies":[{"embeddable":true,"href":"https:\/\/www.vbdivulg.com\/index.php\/wp-json\/wp\/v2\/comments?post=9477"}],"wp:featuredmedia":[{"embeddable":true,"href":"https:\/\/www.vbdivulg.com\/index.php\/wp-json\/wp\/v2\/media\/9478"}],"wp:attachment":[{"href":"https:\/\/www.vbdivulg.com\/index.php\/wp-json\/wp\/v2\/media?parent=9477"}],"curies":[{"name":"wp","href":"https:\/\/api.w.org\/{rel}","templated":true}]}}