{"id":9481,"date":"2025-10-27T12:35:54","date_gmt":"2025-10-27T15:35:54","guid":{"rendered":"https:\/\/www.vbdivulg.com\/?post_type=product&#038;p=9481"},"modified":"2026-01-10T06:38:54","modified_gmt":"2026-01-10T09:38:54","slug":"purificador-electrolux-de-agua-gelada-fria-e-natural-eletrico-compacto-eletronico-placa-filtro-refil-6-meses-ou-3000l-painel-touch-bivolt-preto-pe12p","status":"publish","type":"product","link":"https:\/\/www.vbdivulg.com\/index.php\/produto\/purificador-electrolux-de-agua-gelada-fria-e-natural-eletrico-compacto-eletronico-placa-filtro-refil-6-meses-ou-3000l-painel-touch-bivolt-preto-pe12p\/","title":{"rendered":"Purificador Electrolux de \u00c1gua Gelada Fria e Natural El\u00e9trico Compacto Eletronico placa Filtro refil 6 meses ou 3000l Painel Touch Bivolt Preto PE12P"},"content":{"rendered":"","protected":false},"excerpt":{"rendered":"<p>Purificador Electrolux de \u00c1gua Gelada Fria e Natural El\u00e9trico Compacto Eletronico placa Filtro refil 6 meses ou 3000l Painel Touch Bivolt Preto PE12P<\/p>\n<p>&nbsp;<\/p>\n<p><strong>\ud83d\udd25 R$ 599,40 em 10x<\/strong><\/p>\n<p>&nbsp;<\/p>\n<p>\ud83d\uded2 Compre aqui: <a href=\"https:\/\/amzn.to\/43EYN7P\">https:\/\/amzn.to\/43EYN7P<\/a><\/p>\n<p>&nbsp;<\/p>\n<p>\u26a0\ufe0f Oferta v\u00e1lida para hoje, 27\/10\/2025, podendo encerrar a qualquer momento!!!<\/p>\n<p>&nbsp;<\/p>\n<p>\u2712\ufe0f Seja prime, primeiro m\u00eas \u00e9 gr\u00e1tis e pode cancelar quando quiser (inclusive no primeiro m\u00eas): <a href=\"https:\/\/amzn.to\/3xyV8G9\">https:\/\/amzn.to\/3xyV8G9<\/a><\/p>\n","protected":false},"featured_media":9482,"comment_status":"open","ping_status":"closed","template":"","meta":[],"class_list":{"0":"post-9481","1":"product","2":"type-product","3":"status-publish","4":"has-post-thumbnail","6":"product_cat-eletroportateis","8":"first","9":"instock","10":"sale","11":"shipping-taxable","12":"purchasable","13":"product-type-simple"},"_links":{"self":[{"href":"https:\/\/www.vbdivulg.com\/index.php\/wp-json\/wp\/v2\/product\/9481","targetHints":{"allow":["GET"]}}],"collection":[{"href":"https:\/\/www.vbdivulg.com\/index.php\/wp-json\/wp\/v2\/product"}],"about":[{"href":"https:\/\/www.vbdivulg.com\/index.php\/wp-json\/wp\/v2\/types\/product"}],"replies":[{"embeddable":true,"href":"https:\/\/www.vbdivulg.com\/index.php\/wp-json\/wp\/v2\/comments?post=9481"}],"wp:featuredmedia":[{"embeddable":true,"href":"https:\/\/www.vbdivulg.com\/index.php\/wp-json\/wp\/v2\/media\/9482"}],"wp:attachment":[{"href":"https:\/\/www.vbdivulg.com\/index.php\/wp-json\/wp\/v2\/media?parent=9481"}],"curies":[{"name":"wp","href":"https:\/\/api.w.org\/{rel}","templated":true}]}}